{"id":87,"date":"2025-08-05T21:58:32","date_gmt":"2025-08-05T18:58:32","guid":{"rendered":"https:\/\/ozelyazicilar.com\/?page_id=87"},"modified":"2025-08-05T22:05:16","modified_gmt":"2025-08-05T19:05:16","slug":"cerez-politikasi","status":"publish","type":"page","link":"https:\/\/ozelyazicilar.com\/index.php\/cerez-politikasi\/","title":{"rendered":"\u00c7erez Politikas\u0131"},"content":{"rendered":"<p style=\"font-weight: 400;\"><b><strong>\u00c7EREZ AYDINLATMA METN\u0130<\/strong><\/b><\/p>\n<p style=\"font-weight: 400;\">6698 say\u0131l\u0131 Ki\u015fisel Verilerin Korunmas\u0131 Kanunu\u2019nun (\u201c<b><strong>Kanun<\/strong><\/b>\u201d) 10\u2019uncu maddesi ile Ayd\u0131nlatma Y\u00fck\u00fcml\u00fcl\u00fc\u011f\u00fcn\u00fcn Yerine Getirilmesinde Uyulacak Usul ve Esaslar Hakk\u0131nda Tebli\u011f kapsam\u0131nda veri sorumlusu s\u0131fat\u0131yla <b><strong>Demse <\/strong><\/b>(\u201c<b><strong>Demse<\/strong><\/b>\u201d)\u00a0taraf\u0131ndan haz\u0131rlanm\u0131\u015ft\u0131r.<\/p>\n<p style=\"font-weight: 400;\">\u00c7erezler, ziyaret etti\u011finiz internet siteleri taraf\u0131ndan taray\u0131c\u0131lar arac\u0131l\u0131\u011f\u0131yla cihaz\u0131n\u0131za veya a\u011f sunucusuna depolanan k\u00fc\u00e7\u00fck metin dosyalar\u0131d\u0131r.\u00a0Bu \u00c7erez Ayd\u0131nlatma Metni\u2019nin amac\u0131, internet sitemizde kullan\u0131lan \u00e7erezlerin cihaz\u0131n\u0131za yerle\u015ftirilmesi arac\u0131l\u0131\u011f\u0131yla otomatik yolla elde edilen ki\u015fisel verilerin i\u015flenmesine ili\u015fkin olarak, hangi ama\u00e7larla hangi t\u00fcr \u00e7erezleri kulland\u0131\u011f\u0131m\u0131z\u0131 ve bu \u00e7erezleri nas\u0131l y\u00f6netebilece\u011finiz hakk\u0131nda sizlere bilgi vermektir.<\/p>\n<p style=\"font-weight: 400;\">\u0130nternet sitemizde kulland\u0131\u011f\u0131m\u0131z, zorunlu \u00e7erezler haricindeki \u00e7erezler i\u00e7in, kullan\u0131c\u0131lar\u0131n a\u00e7\u0131k r\u0131zalar\u0131 al\u0131nmakta ve istedikleri zaman r\u0131zalar\u0131n\u0131 de\u011fi\u015ftirebilme olana\u011f\u0131 sa\u011flanmaktad\u0131r. Kullan\u0131c\u0131lar \u00e7erez y\u00f6netim paneli \u00fczerinden, internet sitemizde kullan\u0131lan \u00e7erez \u00e7e\u015fitlerini g\u00f6rebilmekte ve Zorunlu \u00c7erezler d\u0131\u015f\u0131nda kalan t\u00fcm \u00e7erezler i\u00e7in \u201ca\u00e7\u0131k\u201d veya \u201ckapal\u0131\u201d se\u00e7enekleri ile tercihlerini belirleyebilmektedirler. Yine bu panel \u00fczerinden kullan\u0131c\u0131lar tercihlerini her zaman de\u011fi\u015ftirebilmektedirler.<\/p>\n<ol>\n<li style=\"font-weight: 400;\"><b><\/b><b><strong>\u0130nternet Sitemizde Kullan\u0131lan \u00c7erez T\u00fcrleri<\/strong><\/b><\/li>\n<\/ol>\n<p style=\"font-weight: 400;\"><b><strong>\u00a0<\/strong><\/b><\/p>\n<table style=\"font-weight: 400;\">\n<tbody>\n<tr>\n<td width=\"151\"><b><strong>\u00c7erez T\u00fcr\u00fc<\/strong><\/b><\/td>\n<td width=\"453\"><b><strong>A\u00e7\u0131klamalar<\/strong><\/b><\/td>\n<\/tr>\n<tr>\n<td width=\"151\"><b><strong>Oturum \u00c7erezleri<\/strong><\/b><\/td>\n<td width=\"453\">Oturum \u00e7erezleri, Site\u2019yi kullan\u0131m\u0131n\u0131z s\u0131ras\u0131nda ge\u00e7erli olan \u00e7erezler olup internet taray\u0131c\u0131s\u0131 kapat\u0131l\u0131ncaya kadar ge\u00e7erliliklerini korurlar.\u00a0\u0130nternet sitemizde kullan\u0131m s\u00fcrelerine g\u00f6re oturum \u00e7erezleri ve kal\u0131c\u0131 \u00e7erezler kullanmaktad\u0131r. Oturum \u00e7erezi, oturumun s\u00fcreklili\u011finin sa\u011flanmas\u0131 amac\u0131yla kullan\u0131lmakta olup kullan\u0131c\u0131 taray\u0131c\u0131s\u0131n\u0131 kapatt\u0131\u011f\u0131nda bu \u00e7erezler de silinmektedir.<\/td>\n<\/tr>\n<tr>\n<td width=\"151\"><b><strong>Kal\u0131c\u0131 \u00c7erezler<\/strong><\/b><\/td>\n<td width=\"453\">Bu \u00e7erezler taray\u0131c\u0131n\u0131zda saklanan ve taraf\u0131n\u0131zca silininceye dek veya son kullan\u0131m tarihine kadar ge\u00e7erlili\u011fini koruyan \u00e7erezlerdir. Kal\u0131c\u0131 \u00e7erez internet taray\u0131c\u0131s\u0131 kapat\u0131ld\u0131\u011f\u0131 zaman silinmemekte ve belirli bir tarihte veya belirli bir s\u00fcre sonra kendili\u011finden silinmektedir.<\/td>\n<\/tr>\n<tr>\n<td width=\"151\"><b><strong>Birinci Taraf \u00c7erezleri<\/strong><\/b><\/td>\n<td width=\"453\">\u00c7erezin birinci taraf ya da \u00fc\u00e7\u00fcnc\u00fc taraf olmas\u0131 durumu,\u00a0 internet sitesinin ya da etki alan\u0131n\u0131n yerle\u015ftirdi\u011fi \u00e7ereze g\u00f6re de\u011fi\u015fiklik arz etmektedir. Birinci taraf \u00e7erezler, do\u011frudan kullan\u0131c\u0131n\u0131n ziyaret etti\u011fi internet sitesi yani taray\u0131c\u0131n\u0131n adres \u00e7ubu\u011funda g\u00f6sterilen internet adresi taraf\u0131ndan yerle\u015ftirilmektedir.<\/td>\n<\/tr>\n<tr>\n<td width=\"151\"><b><strong>\u00dc\u00e7\u00fcnc\u00fc Taraf \u00c7erezleri<\/strong><\/b><\/td>\n<td width=\"453\">\u00dc\u00e7\u00fcnc\u00fc taraf \u00e7erezler kullan\u0131c\u0131n\u0131n ziyaret etti\u011fi etki alan\u0131ndan farkl\u0131 bir etki alan\u0131 taraf\u0131ndan yerle\u015ftirilmektedir.<\/td>\n<\/tr>\n<tr>\n<td width=\"151\"><b><strong>Zorunlu \u00c7erezler<\/strong><\/b><\/td>\n<td width=\"453\">Bu \u00e7erezler internet sitemizin \u00e7al\u0131\u015fmas\u0131 amac\u0131yla gerekli olan \u00e7erezlerdir. S\u00f6z konusu \u00e7erezler birinci taraf \u00e7erezler olup oturum s\u00fcresince (gizlilik tercihlerinize dair \u00e7erezler hari\u00e7 olmak \u00fczere, zira bu \u00e7erezler oturum s\u00fcresinden daha uzun \u00f6m\u00fcrl\u00fcd\u00fcr.) ki\u015fisel veri i\u015flemekte, oturum sonland\u0131\u011f\u0131nda otomatikman silinmektedirler. S\u00f6z konusu \u00e7erezler talep etmi\u015f oldu\u011funuz bir bilgi toplumu hizmetinin (log-in olma, form doldurma ve gizlilik tercihlerinin hat\u0131rlanmas\u0131) yerine getirilebilmesi i\u00e7in zorunlu olarak kullan\u0131lmaktad\u0131rlar. Ayr\u0131ca performans ve analitik ama\u00e7l\u0131 \u00e7erez internet sitemizdeki ziyaret\u00e7ilerin say\u0131lmas\u0131 ve trafi\u011fin \u00f6l\u00e7\u00fclmesine olanak sa\u011flamaktad\u0131r ve birinci taraft\u0131r. Bu sayede sitemizin performans\u0131n\u0131 \u00f6l\u00e7mekte ve iyile\u015ftirebilmekteyiz.<\/td>\n<\/tr>\n<tr>\n<td width=\"151\"><b><strong>Reklam \/ Pazarlama \u00c7erezleri<\/strong><\/b><\/td>\n<td width=\"453\">Bu \u00e7erezler internet sitemiz arac\u0131l\u0131\u011f\u0131yla reklam ortaklar\u0131m\u0131z\u0131n yerle\u015ftirdikleri \u00e7erezler olup \u00fc\u00e7\u00fcnc\u00fc taraf \u00e7erezlerdir. Bu \u00e7erezler i\u015f ortaklar\u0131m\u0131z taraf\u0131ndan ilgi alanlar\u0131n\u0131za g\u00f6re profilinizin \u00e7\u0131kar\u0131lmas\u0131 ve size ilgili reklamlar g\u00f6stermek \u00fczere kullan\u0131lmaktad\u0131r.<\/td>\n<\/tr>\n<tr>\n<td width=\"151\"><b><strong>\u0130\u015flevsel \u00c7erezler<\/strong><\/b><\/td>\n<td width=\"453\">Bu t\u00fcr \u00e7erezler, internet sitemizi daha i\u015flevsel k\u0131lmak ve ki\u015fiselle\u015ftirme ama\u00e7lar\u0131yla (gizlilik tercihleriniz hari\u00e7 olmak \u00fczere di\u011fer tercihlerinizin siteye tekrar girdi\u011finizde hat\u0131rlanmas\u0131n\u0131 sa\u011flamak) kullan\u0131lmaktad\u0131r.<\/td>\n<\/tr>\n<\/tbody>\n<\/table>\n<p style=\"font-weight: 400;\"><b><strong>\u00a0<\/strong><\/b><\/p>\n<ol start=\"2\">\n<li style=\"font-weight: 400;\"><b><\/b><b><strong>\u0130\u015flenen Ki\u015fisel Verilerin \u0130\u015flenme Amac\u0131, Aktar\u0131ld\u0131\u011f\u0131 Yerler, Aktar\u0131m Amac\u0131, Toplanma Y\u00f6netimi ve Hukuki Sebebi<\/strong><\/b><\/li>\n<\/ol>\n<p style=\"font-weight: 400;\"><b><strong>\u00a0<\/strong><\/b><\/p>\n<p style=\"font-weight: 400;\"><b><strong>Zorunlu \u00e7erezler,<\/strong><\/b>\u00a0talep etmi\u015f oldu\u011funuz bir bilgi toplumu hizmetinin (log-in olma, form doldurma ve gizlilik tercihlerinin hat\u0131rlanmas\u0131, internet sitemizdeki ziyaret\u00e7ilerin say\u0131lmas\u0131 ve trafi\u011fin \u00f6l\u00e7\u00fclmesi) yerine getirilebilmesi amac\u0131yla kullan\u0131lmaktad\u0131r. Bu \u00e7erezler arac\u0131l\u0131\u011f\u0131yla toplanan ki\u015fisel verileriniz, Kanun\u2019un 5\u2019inci maddesinin (2) numaral\u0131 f\u0131kras\u0131n\u0131n (c) bendi \u201cBir s\u00f6zle\u015fmenin kurulmas\u0131 veya ifas\u0131yla do\u011frudan do\u011fruya ilgili olmas\u0131 kayd\u0131yla, s\u00f6zle\u015fmenin taraflar\u0131na ait ki\u015fisel verilerin i\u015flenmesinin gerekli olmas\u0131\u201d veya (f) bendi \u201c\u0130lgili ki\u015finin temel hak ve \u00f6zg\u00fcrl\u00fcklerine zarar vermemek kayd\u0131yla, veri sorumlusunun me\u015fru menfaatleri i\u00e7in veri i\u015flenmesinin zorunlu olmas\u0131\u201d kapsam\u0131nda i\u015flenmektedir.<\/p>\n<p style=\"font-weight: 400;\">\n<p style=\"font-weight: 400;\"><b><strong>Reklam ve Pazarlama \u00e7erezleri,<\/strong><\/b>\u00a0i\u015f ortaklar\u0131m\u0131z taraf\u0131ndan ilgi alanlar\u0131n\u0131za g\u00f6re profilinizin \u00e7\u0131kar\u0131lmas\u0131 ve size ilgili reklamlar g\u00f6stermek amac\u0131yla kullan\u0131lmaktad\u0131r. Bu \u00e7erezler arac\u0131l\u0131\u011f\u0131yla toplanan ki\u015fisel verileriniz, Kanun\u2019un 5\u2019inci maddesinin (1) numaral\u0131 f\u0131kras\u0131 kapsam\u0131nda a\u00e7\u0131k r\u0131zan\u0131z\u0131n al\u0131nmas\u0131 suretiyle i\u015flenmektedir.<\/p>\n<p style=\"font-weight: 400;\">\n<p style=\"font-weight: 400;\"><b><strong>\u0130\u015flevsel \u00e7erezler,<\/strong><\/b>\u00a0internet sayfam\u0131z\u0131 daha i\u015flevsel k\u0131lmak ve ki\u015fiselle\u015ftirmek (gizlilik tercihleriniz hari\u00e7 olmak \u00fczere di\u011fer tercihlerinizin siteye tekrar girdi\u011finizde hat\u0131rlanmas\u0131n\u0131 sa\u011flamak)\u00a0\u00a0\u00a0\u00a0\u00a0\u00a0\u00a0\u00a0\u00a0\u00a0 ama\u00e7lar\u0131yla\u00a0\u00a0\u00a0\u00a0 kullan\u0131lmaktad\u0131r.\u00a0\u00a0\u00a0\u00a0\u00a0\u00a0\u00a0 Bu\u00a0\u00a0\u00a0\u00a0\u00a0\u00a0\u00a0 \u00e7erezler arac\u0131l\u0131\u011f\u0131yla toplanan ki\u015fisel verileriniz, Kanun\u2019un 5\u2019inci maddesinin (1) numaral\u0131 f\u0131kras\u0131 kapsam\u0131nda a\u00e7\u0131k r\u0131zan\u0131z\u0131n al\u0131nmas\u0131 suretiyle i\u015flenmektedir. \u0130nternet sitemizde yer alan \u00e7erezlere ili\u015fkin bilgiler a\u015fa\u011f\u0131daki tabloda yer almaktad\u0131r:<\/p>\n<p style=\"font-weight: 400;\">\n<table width=\"604\">\n<tbody>\n<tr>\n<td width=\"113\"><b><strong>\u00c7erez Ad\u0131<\/strong><\/b><\/td>\n<td width=\"302\"><b><strong>A\u00e7\u0131klama &#8211; Ama\u00e7<\/strong><\/b><\/td>\n<td width=\"76\"><b><strong>\u00c7erez Tipi<\/strong><\/b><\/td>\n<td width=\"113\"><b><strong>Saklama S\u00fcresi<\/strong><\/b><\/td>\n<\/tr>\n<tr>\n<td width=\"113\"><b><strong>Oturum \u00c7erezleri<\/strong><\/b><\/td>\n<td width=\"302\">\u0130nternet sitemizin \u00e7al\u0131\u015fmas\u0131 amac\u0131yla gerekli olan \u00e7erezler olup talep etmi\u015f oldu\u011funuz bir bilgi toplumu hizmetinin (log-in olma) yerine getirilebilmesi i\u00e7in zorunlu olarak kullan\u0131lmaktad\u0131rlar. Sayfaya girildi\u011finde aktif olarak yerle\u015ftirilmektedirler.<\/td>\n<td width=\"76\">Birinci Taraf \u00c7erez<\/td>\n<td width=\"113\">Saklanmamaktad\u0131r.<\/p>\n<p>&nbsp;<\/td>\n<\/tr>\n<tr>\n<td width=\"113\"><b><strong>Zorunlu \u00c7erezler<\/strong><\/b><\/td>\n<td width=\"302\">\u0130nternet sayfas\u0131n\u0131n \u00e7al\u0131\u015fmas\u0131 amac\u0131yla gerekli olan \u00e7erezler olup talep etmi\u015f oldu\u011funuz bir bilgi toplumu hizmetinin (form doldurma) yerine getirilebilmesi i\u00e7in zorunlu olarak kullan\u0131lmaktad\u0131rlar. Sayfaya girildi\u011finde aktif olarak yerle\u015ftirilmektedirler.<\/td>\n<td width=\"76\">Birinci Taraf \u00c7erez<\/td>\n<td width=\"113\">Oturum s\u00fcresince saklan\u0131rlar.<\/p>\n<p>&nbsp;<\/td>\n<\/tr>\n<tr>\n<td width=\"113\"><b><strong>Zorunlu \u00c7erezler<\/strong><\/b><\/td>\n<td width=\"302\">\u0130nternet sitemizin \u00e7al\u0131\u015fmas\u0131 amac\u0131yla gerekli olan \u00e7erezler olup talep etmi\u015f oldu\u011funuz bir bilgi toplumu hizmetinin (gizlilik\u00a0\u00a0\u00a0\u00a0\u00a0\u00a0\u00a0\u00a0\u00a0\u00a0\u00a0 tercihlerinin hat\u0131rlanmas\u0131)\u00a0\u00a0\u00a0\u00a0\u00a0\u00a0\u00a0\u00a0 \u00a0\u00a0\u00a0\u00a0\u00a0\u00a0\u00a0\u00a0\u00a0\u00a0\u00a0 yerine getirilebilmesi i\u00e7in zorunlu olarak kullan\u0131lmaktad\u0131rlar. Sayfaya girildi\u011finde aktif olarak yerle\u015ftirilmektedirler.<\/td>\n<td width=\"76\">Birinci Taraf \u00c7erez<\/td>\n<td width=\"113\"><b><strong>[30]\u00a0<\/strong><\/b>g\u00fcn saklanmaktad\u0131r.<\/td>\n<\/tr>\n<tr>\n<td width=\"113\"><b><strong>\u00a0<\/strong><\/b><\/td>\n<td width=\"302\">&nbsp;<\/td>\n<td width=\"76\">&nbsp;<\/td>\n<td width=\"113\"><b><strong>\u00a0<\/strong><\/b><\/td>\n<\/tr>\n<tr>\n<td width=\"113\"><b><strong>Reklam ve Pazarlama \u00e7erezleri<\/strong><\/b><\/td>\n<td width=\"302\">Bu \u00e7erez internet sitemizdeki ziyaret\u00e7ilerin say\u0131lmas\u0131 ve trafi\u011fin \u00f6l\u00e7\u00fclmesi ama\u00e7lar\u0131yla kullan\u0131lmaktad\u0131r. Bu sayede sitemizin performans\u0131n\u0131 \u00f6l\u00e7mekte ve iyile\u015ftirebilmekteyiz. Yaln\u0131zca anonim istatistikler \u00fcretilmekte ki\u015filerin internet gezinmelerini farkl\u0131 internet siteleri veya uygulamalar\u00a0\u00a0\u00a0\u00a0\u00a0\u00a0\u00a0\u00a0\u00a0\u00a0\u00a0\u00a0\u00a0\u00a0\u00a0\u00a0 aras\u0131nda \u00e7apraz takibi amac\u0131yla kullan\u0131lmamaktad\u0131r.<\/td>\n<td width=\"76\">Birinci Taraf \u00c7erez<\/td>\n<td width=\"113\"><b><strong>[6] ay<\/strong><\/b>\u00a0saklanmaktad\u0131r<\/td>\n<\/tr>\n<tr>\n<td width=\"113\"><b><strong>Reklam ve Pazarlama \u00e7erezleri<\/strong><\/b><\/td>\n<td width=\"302\">Bu \u00e7erezler internet sitemiz arac\u0131l\u0131\u011f\u0131yla yerle\u015ftirilmi\u015f reklam ortaklar\u0131m\u0131z\u0131n \u00e7erezleri olup \u00fc\u00e7\u00fcnc\u00fc taraf \u00e7erezlerdir. Bu \u00e7erezler i\u015f ortaklar\u0131m\u0131z taraf\u0131ndan ilgi alanlar\u0131n\u0131za g\u00f6re profilinizin \u00e7\u0131kar\u0131lmas\u0131 ve size ilgili reklamlar g\u00f6sterme amac\u0131yla kullan\u0131lmaktad\u0131r.<\/td>\n<td width=\"76\"><b><strong>&#8211;<\/strong><\/b><\/td>\n<td width=\"113\"><b><strong>Saklanmamaktad\u0131r<\/strong><\/b><\/td>\n<\/tr>\n<tr>\n<td width=\"113\"><b><strong>\u0130\u015flevsel \u00c7erezler<\/strong><\/b><\/td>\n<td width=\"302\">Bu \u00e7erezler, internet sitemizi daha i\u015flevsel k\u0131lmak ve ki\u015fiselle\u015ftirmek (gizlilik tercihleriniz hari\u00e7 olmak \u00fczere di\u011fer tercihlerinizin siteye tekrar girdi\u011finizde hat\u0131rlanmas\u0131n\u0131 sa\u011flamak \u00fczere) ama\u00e7lar\u0131yla kullan\u0131lmaktad\u0131r.<\/td>\n<td width=\"76\"><b><strong>Birinci Taraf \u00e7erez<\/strong><\/b><\/td>\n<td width=\"113\"><b><strong>Saklanmamaktad\u0131r.<\/strong><\/b><\/td>\n<\/tr>\n<\/tbody>\n<\/table>\n<p style=\"font-weight: 400;\">\n<p style=\"font-weight: 400;\">Ki\u015fisel verileriniz, \u015firketimiz taraf\u0131ndan internet sitemizi ziyaret etmeniz dolay\u0131s\u0131yla teknik ileti\u015fim dosyalar\u0131 olan \u00e7erezler vas\u0131tas\u0131yla teknik ve otomatik y\u00f6ntemlerle toplanmaktad\u0131r.<\/p>\n<p style=\"font-weight: 400;\"><b><strong>\u00a0<\/strong><\/b><\/p>\n<p style=\"font-weight: 400;\">\u00c7erezler vas\u0131tas\u0131 ile elde edilen ki\u015fisel verileriniz, ki\u015fisel verilerinizin a\u015fa\u011f\u0131da yer alan i\u015flenme ama\u00e7lar\u0131 do\u011frultusunda, \u00e7erezlerin \u00e7al\u0131\u015fmas\u0131 i\u00e7in birlikte \u00e7al\u0131\u015ft\u0131\u011f\u0131m\u0131z i\u015f ortaklar\u0131m\u0131za ve kanunen yetkili kamu kurumlar\u0131na \u00e7erezlerin kullan\u0131labilmesi ve resmi kurum taleplerinin kar\u015f\u0131lanabilmesi i\u00e7in aktar\u0131labilecektir.<\/p>\n<p style=\"font-weight: 400;\"><b><strong>\u00a0<\/strong><\/b><\/p>\n<ol start=\"3\">\n<li style=\"font-weight: 400;\"><b><\/b><b><strong>\u00c7erez Kullan\u0131m\u0131n\u0131n Engellenmesi<\/strong><\/b><\/li>\n<\/ol>\n<p style=\"font-weight: 400;\"><b><strong>\u00a0<\/strong><\/b><\/p>\n<p style=\"font-weight: 400;\">Taray\u0131c\u0131n\u0131z\u0131n ayarlar\u0131n\u0131 de\u011fi\u015ftirerek \u00e7erezlere ili\u015fkin tercihlerinizi ki\u015fiselle\u015ftirme imk\u00e2n\u0131na sahipsiniz. Taray\u0131c\u0131 \u00fcreticileri, kendi \u00fcr\u00fcnleri \u00f6zelinde \u00e7erezlerin y\u00f6netimi hususunda ilgili yard\u0131m sayfalar\u0131 sunmakta olup daha fazla bilgi i\u00e7in l\u00fctfen a\u015fa\u011f\u0131daki tabloyu inceleyiniz.<\/p>\n<p style=\"font-weight: 400;\">\n<table style=\"font-weight: 400;\">\n<tbody>\n<tr>\n<td width=\"160\"><b><strong>Google Chrome<\/strong><\/b><\/td>\n<td width=\"444\"><a href=\"https:\/\/support.google.com\/chrome\/answer\/95647?hl=en\">https:\/\/support.google.com\/chrome\/answer\/95647?hl=en<\/a><\/td>\n<\/tr>\n<tr>\n<td width=\"160\"><b><strong>Opera<\/strong><\/b><\/td>\n<td width=\"444\">https:\/\/help.opera.com\/en\/latest\/web-preferences\/<\/td>\n<\/tr>\n<tr>\n<td width=\"160\"><b><strong>Mozilla Firefox<\/strong><\/b><\/td>\n<td width=\"444\"><a href=\"https:\/\/support.mozilla.org\/en-US\/kb\/cookies-information-websites-store-on-your-computer\">https:\/\/support.mozilla.org\/en-US\/kb\/cookies-information-websites-store-on-your-computer<\/a><\/td>\n<\/tr>\n<tr>\n<td width=\"160\"><b><strong>Safari<\/strong><\/b><\/td>\n<td width=\"444\"><a href=\"https:\/\/support.apple.com\/kb\/PH5042?locale=en_US\">https:\/\/support.apple.com\/kb\/PH5042?locale=en_US<\/a><\/td>\n<\/tr>\n<\/tbody>\n<\/table>\n<p style=\"font-weight: 400;\">\n<ol start=\"4\">\n<li style=\"font-weight: 400;\"><b><\/b><b><strong>\u00c7erezlerinize \u0130li\u015fkin Haklar\u0131n\u0131z Nelerdir?<\/strong><\/b><\/li>\n<\/ol>\n<p style=\"font-weight: 400;\"><b><strong>\u00a0<\/strong><\/b><\/p>\n<p style=\"font-weight: 400;\">\u00c7erezlerinize ili\u015fkin talepleriniz ve haklar\u0131n\u0131z Ki\u015fisel Verilerin Korunmas\u0131 Kanunu\u2019nun \u201cilgili ki\u015finin haklar\u0131n\u0131 d\u00fczenleyen\u201d 11. maddesinden kaynaklanmakta olup bu madde kapsam\u0131ndaki taleplerinizi Veri Sorumlusuna Ba\u015fvuru Usul ve Esaslar\u0131 Hakk\u0131nda Tebli\u011f uyar\u0131nca \u015firketimize iletebilirsiniz.<\/p>\n<p style=\"font-weight: 400;\">\n<p style=\"font-weight: 400;\">Bu kapsamda, taleplerinizi \u201cVeri Sorumlusuna Ba\u015fvuru Usul ve Esaslar\u0131 Hakk\u0131nda Tebli\u011fi\u2019ne g\u00f6re a\u015fa\u011f\u0131da yer adresimize posta yoluyla veya sistemimizde kay\u0131tl\u0131 e-posta adresiniz varsa e-posta \u00fczerinden a\u015fa\u011f\u0131da yer alan e-posta adresimize iletebilirsiniz.<\/p>\n<p style=\"font-weight: 400;\">\n<p style=\"font-weight: 400;\"><b><strong>Veri Sorumlusu<\/strong><\/b><\/p>\n<p style=\"font-weight: 400;\"><b><strong>Unvan:\u00a0<\/strong><\/b><b><strong>Demse Bilgisayar Paz.ve Tic.<\/strong><\/b><\/p>\n<p style=\"font-weight: 400;\"><b><strong>Adres : Hac\u0131halil Mh.H\u00fcrriyet Cd.No:9\/A<\/strong><\/b><\/p>\n<p style=\"font-weight: 400;\"><b><strong>Gebze &#8211; Kocaeli<\/strong><\/b><\/p>\n<p style=\"font-weight: 400;\"><b><strong>E-posta : batuhan@ozelyazici.com<\/strong><\/b><\/p>\n<p style=\"font-weight: 400;\"><b><strong>\u00a0<\/strong><\/b><\/p>\n<p style=\"font-weight: 400;\"><b><strong>\u00a0<\/strong><\/b><\/p>\n<p style=\"font-weight: 400;\">\u015eirketimiz taraf\u0131ndan d\u00fczenlenen i\u015fbu \u00c7erez Ayd\u0131nlatma Metni ki\u015fisel bilgi uygulamalar\u0131m\u0131z\u0131n g\u00f6sterilmesi amac\u0131yla, periyodik olarak g\u00fcncellenebilir. \u00c7erez Ayd\u0131nlatma Metni\u2019mizde \u00f6nemli herhangi bir de\u011fi\u015fiklik yap\u0131lmas\u0131 durumunda, ba\u015fta internet sitemiz arac\u0131l\u0131\u011f\u0131yla olmak \u00fczere bilgilendirme yap\u0131lacakt\u0131r.<\/p>\n","protected":false},"excerpt":{"rendered":"<p>\u00c7EREZ AYDINLATMA METN\u0130 6698 say\u0131l\u0131 Ki\u015fisel Verilerin Korunmas\u0131 Kanunu\u2019nun (\u201cKanun\u201d) 10\u2019uncu maddesi ile Ayd\u0131nlatma Y\u00fck\u00fcml\u00fcl\u00fc\u011f\u00fcn\u00fcn Yerine Getirilmesinde Uyulacak Usul ve Esaslar Hakk\u0131nda Tebli\u011f kapsam\u0131nda veri sorumlusu s\u0131fat\u0131yla Demse (\u201cDemse\u201d)\u00a0taraf\u0131ndan haz\u0131rlanm\u0131\u015ft\u0131r. \u00c7erezler, ziyaret etti\u011finiz internet siteleri taraf\u0131ndan taray\u0131c\u0131lar arac\u0131l\u0131\u011f\u0131yla cihaz\u0131n\u0131za veya a\u011f sunucusuna depolanan k\u00fc\u00e7\u00fck metin dosyalar\u0131d\u0131r.\u00a0Bu \u00c7erez Ayd\u0131nlatma Metni\u2019nin amac\u0131, internet sitemizde kullan\u0131lan \u00e7erezlerin cihaz\u0131n\u0131za&#8230;<\/p>\n","protected":false},"author":1,"featured_media":0,"parent":0,"menu_order":0,"comment_status":"closed","ping_status":"closed","template":"","meta":{"_kad_post_transparent":"default","_kad_post_title":"default","_kad_post_layout":"default","_kad_post_sidebar_id":"","_kad_post_content_style":"default","_kad_post_vertical_padding":"default","_kad_post_feature":"","_kad_post_feature_position":"","_kad_post_header":false,"_kad_post_footer":false,"footnotes":""},"class_list":["post-87","page","type-page","status-publish","hentry"],"_links":{"self":[{"href":"https:\/\/ozelyazicilar.com\/index.php\/wp-json\/wp\/v2\/pages\/87","targetHints":{"allow":["GET"]}}],"collection":[{"href":"https:\/\/ozelyazicilar.com\/index.php\/wp-json\/wp\/v2\/pages"}],"about":[{"href":"https:\/\/ozelyazicilar.com\/index.php\/wp-json\/wp\/v2\/types\/page"}],"author":[{"embeddable":true,"href":"https:\/\/ozelyazicilar.com\/index.php\/wp-json\/wp\/v2\/users\/1"}],"replies":[{"embeddable":true,"href":"https:\/\/ozelyazicilar.com\/index.php\/wp-json\/wp\/v2\/comments?post=87"}],"version-history":[{"count":4,"href":"https:\/\/ozelyazicilar.com\/index.php\/wp-json\/wp\/v2\/pages\/87\/revisions"}],"predecessor-version":[{"id":92,"href":"https:\/\/ozelyazicilar.com\/index.php\/wp-json\/wp\/v2\/pages\/87\/revisions\/92"}],"wp:attachment":[{"href":"https:\/\/ozelyazicilar.com\/index.php\/wp-json\/wp\/v2\/media?parent=87"}],"curies":[{"name":"wp","href":"https:\/\/api.w.org\/{rel}","templated":true}]}}