{"id":175,"date":"2025-08-06T00:47:19","date_gmt":"2025-08-05T21:47:19","guid":{"rendered":"https:\/\/ozelyazicilar.com\/?post_type=product&#038;p=175"},"modified":"2025-12-03T22:20:56","modified_gmt":"2025-12-03T19:20:56","slug":"kyocera-ecosys-ma4500ix-cok-fonksiyonlu-fotokopi-makinesi","status":"publish","type":"product","link":"https:\/\/ozelyazicilar.com\/index.php\/urun\/kyocera-ecosys-ma4500ix-cok-fonksiyonlu-fotokopi-makinesi\/","title":{"rendered":"Kyocera Ecosys MA4500ix \u00c7ok Fonksiyonlu Fotokopi Makinesi"},"content":{"rendered":"<p class=\"l-product-information__text c-text\">ECOSYS MA4500ix, ilk bask\u0131dan son bask\u0131ya kadar kaliteli bask\u0131y\u0131 garanti eden kompakt ve g\u00fc\u00e7l\u00fc A4 yaz\u0131c\u0131. \u00dcst d\u00fczey g\u00fcvenlik \u00f6zellikleri ve d\u00fc\u015f\u00fck enerji t\u00fcketimi i\u015flevleriyle donat\u0131lan bu MFP, k\u00fc\u00e7\u00fck ve orta \u00f6l\u00e7ekli \u00e7al\u0131\u015fma alanlar\u0131 i\u00e7in m\u00fckemmel bir se\u00e7imdir.<\/p>\n<ul class=\"l-product-information__list c-list\">\n<li class=\"l-product-information__list-item c-list__item\">Standart \u00e7ift tarafl\u0131 bask\u0131, fotokopi, tarama fonksiyonu<\/li>\n<li class=\"l-product-information__list-item c-list__item\">Veri \u00fczerine yazma ve \u015fifreleme, G\u00fcvenilir Platform Mod\u00fcl\u00fc, G\u00fcvenli \u00d6ny\u00fckleme ve \u00c7al\u0131\u015fma Zaman\u0131 B\u00fct\u00fcnl\u00fck Kontrol\u00fc, S\/MIME ve TLS 1.3<\/li>\n<li class=\"l-product-information__list-item c-list__item\">HyPAS\u2122 \u00e7\u00f6z\u00fcm platformu ile g\u00fc\u00e7l\u00fc \u00f6zelle\u015ftirmeler<\/li>\n<li class=\"l-product-information__list-item c-list__item\">Microsoft Universal Print &#8211; Evrensel Bask\u0131 uyumlulu\u011fu<\/li>\n<li class=\"l-product-information__list-item c-list__item\">Opsiyonel SSD disk ile birlikte Veri G\u00fcvenlik Kiti<\/li>\n<\/ul>\n","protected":false},"excerpt":{"rendered":"<p>ECOSYS MA4500ix, ilk bask\u0131dan son bask\u0131ya kadar kaliteli bask\u0131y\u0131 garanti eden kompakt ve g\u00fc\u00e7l\u00fc A4 yaz\u0131c\u0131. \u00dcst d\u00fczey g\u00fcvenlik \u00f6zellikleri ve d\u00fc\u015f\u00fck enerji t\u00fcketimi i\u015flevleriyle donat\u0131lan bu MFP, k\u00fc\u00e7\u00fck ve orta \u00f6l\u00e7ekli \u00e7al\u0131\u015fma alanlar\u0131 i\u00e7in m\u00fckemmel bir se\u00e7imdir. Standart \u00e7ift tarafl\u0131 bask\u0131, fotokopi, tarama fonksiyonu Veri \u00fczerine yazma ve \u015fifreleme, G\u00fcvenilir Platform Mod\u00fcl\u00fc, G\u00fcvenli \u00d6ny\u00fckleme&#8230;<\/p>\n","protected":false},"featured_media":176,"comment_status":"open","ping_status":"closed","template":"","meta":{"_kad_post_transparent":"default","_kad_post_title":"","_kad_post_layout":"default","_kad_post_sidebar_id":"","_kad_post_content_style":"default","_kad_post_vertical_padding":"default","_kad_post_feature":"","_kad_post_feature_position":"","_kad_post_header":false,"_kad_post_footer":false},"product_brand":[60],"product_cat":[33,35,34,40,36,38,37,30,32,31,27,29,28,39],"product_tag":[],"class_list":{"0":"post-175","1":"product","2":"type-product","3":"status-publish","4":"has-post-thumbnail","6":"product_brand-kyocera","7":"product_cat-cok-fonksiyonlu-yazicilar","8":"product_cat-cok-fonksiyonlu-yazicilar-renkli","9":"product_cat-cok-fonksiyonlu-yazicilar-siyah","10":"product_cat-firsat-urunleri","11":"product_cat-fotokopi","12":"product_cat-fotokopi-renkli","13":"product_cat-fotokopi-siyah","14":"product_cat-lazer-yazicilar","15":"product_cat-lazer-yazicilar-renkli","16":"product_cat-lazer-yazicilar-siyah","17":"product_cat-murekkep-puskurtmeli-yazicilar","18":"product_cat-murekkep-puskurtmeli-yazicilar-renkli","19":"product_cat-murekkep-puskurtmeli-yazicilar-siyah","20":"product_cat-sarf-malzemeler","22":"first","23":"instock","24":"sale","25":"shipping-taxable","26":"purchasable","27":"product-type-simple","28":"entry","29":"content-bg","30":"loop-entry"},"_links":{"self":[{"href":"https:\/\/ozelyazicilar.com\/index.php\/wp-json\/wp\/v2\/product\/175","targetHints":{"allow":["GET"]}}],"collection":[{"href":"https:\/\/ozelyazicilar.com\/index.php\/wp-json\/wp\/v2\/product"}],"about":[{"href":"https:\/\/ozelyazicilar.com\/index.php\/wp-json\/wp\/v2\/types\/product"}],"replies":[{"embeddable":true,"href":"https:\/\/ozelyazicilar.com\/index.php\/wp-json\/wp\/v2\/comments?post=175"}],"wp:featuredmedia":[{"embeddable":true,"href":"https:\/\/ozelyazicilar.com\/index.php\/wp-json\/wp\/v2\/media\/176"}],"wp:attachment":[{"href":"https:\/\/ozelyazicilar.com\/index.php\/wp-json\/wp\/v2\/media?parent=175"}],"wp:term":[{"taxonomy":"product_brand","embeddable":true,"href":"https:\/\/ozelyazicilar.com\/index.php\/wp-json\/wp\/v2\/product_brand?post=175"},{"taxonomy":"product_cat","embeddable":true,"href":"https:\/\/ozelyazicilar.com\/index.php\/wp-json\/wp\/v2\/product_cat?post=175"},{"taxonomy":"product_tag","embeddable":true,"href":"https:\/\/ozelyazicilar.com\/index.php\/wp-json\/wp\/v2\/product_tag?post=175"}],"curies":[{"name":"wp","href":"https:\/\/api.w.org\/{rel}","templated":true}]}}