{"id":195,"date":"2025-08-09T15:36:58","date_gmt":"2025-08-09T12:36:58","guid":{"rendered":"https:\/\/ozelyazicilar.com\/?post_type=product&#038;p=195"},"modified":"2025-08-09T16:04:11","modified_gmt":"2025-08-09T13:04:11","slug":"kyocera-ecosys-m4132idn-cok-fonksiyonlu-fotokopi-makinesi","status":"publish","type":"product","link":"https:\/\/ozelyazicilar.com\/index.php\/urun\/kyocera-ecosys-m4132idn-cok-fonksiyonlu-fotokopi-makinesi\/","title":{"rendered":"Kyocera Ecosys M4132idn \u00c7ok Fonksiyonlu Fotokopi Makinesi"},"content":{"rendered":"<h1 class=\"l-product-information__title c-title c-title--h1\">ECOSYS M4132idn<\/h1>\n<p class=\"l-product-information__text c-text\">\u0130\u015flevselli\u011fi, kullan\u0131labilirli\u011fi ve kompakt boyutu arayan k\u00fc\u00e7\u00fck ofisler ve i\u015f gruplar\u0131 i\u00e7in dakikada 32 sayfa A4 bask\u0131 yapabilen siyah beyaz A4\/A3 \u00e7ok fonksiyonlu fotokopi makinesi.<\/p>\n<ul class=\"l-product-information__list c-list\">\n<li class=\"l-product-information__list-item c-list__item\">Minimum kurulum ve operasyon gereklilikleri<\/li>\n<li class=\"l-product-information__list-item c-list__item\">Kolay kullan\u0131ml\u0131 renkli dokunmatik ekran<\/li>\n<li class=\"l-product-information__list-item c-list__item\">Uzun \u00f6m\u00fcrl\u00fc par\u00e7alar e\u015fi benzeri g\u00f6r\u00fclmemi\u015f dayan\u0131kl\u0131l\u0131k sa\u011flar<\/li>\n<li class=\"l-product-information__list-item c-list__item\">HyPAS\u2122 \u00e7\u00f6z\u00fcm platformu g\u00fc\u00e7l\u00fc ki\u015fiselle\u015ftirmelere imkan sa\u011flar<\/li>\n<\/ul>\n","protected":false},"excerpt":{"rendered":"<p>ECOSYS M4132idn \u0130\u015flevselli\u011fi, kullan\u0131labilirli\u011fi ve kompakt boyutu arayan k\u00fc\u00e7\u00fck ofisler ve i\u015f gruplar\u0131 i\u00e7in dakikada 32 sayfa A4 bask\u0131 yapabilen siyah beyaz A4\/A3 \u00e7ok fonksiyonlu fotokopi makinesi. Minimum kurulum ve operasyon gereklilikleri Kolay kullan\u0131ml\u0131 renkli dokunmatik ekran Uzun \u00f6m\u00fcrl\u00fc par\u00e7alar e\u015fi benzeri g\u00f6r\u00fclmemi\u015f dayan\u0131kl\u0131l\u0131k sa\u011flar HyPAS\u2122 \u00e7\u00f6z\u00fcm platformu g\u00fc\u00e7l\u00fc ki\u015fiselle\u015ftirmelere imkan sa\u011flar<\/p>\n","protected":false},"featured_media":197,"comment_status":"open","ping_status":"closed","template":"","meta":{"_kad_post_transparent":"default","_kad_post_title":"","_kad_post_layout":"default","_kad_post_sidebar_id":"","_kad_post_content_style":"default","_kad_post_vertical_padding":"default","_kad_post_feature":"","_kad_post_feature_position":"","_kad_post_header":false,"_kad_post_footer":false},"product_brand":[60],"product_cat":[36,37],"product_tag":[],"class_list":{"0":"post-195","1":"product","2":"type-product","3":"status-publish","4":"has-post-thumbnail","6":"product_brand-kyocera","7":"product_cat-fotokopi","8":"product_cat-fotokopi-siyah","10":"first","11":"instock","12":"sale","13":"shipping-taxable","14":"purchasable","15":"product-type-simple","16":"entry","17":"content-bg","18":"loop-entry"},"_links":{"self":[{"href":"https:\/\/ozelyazicilar.com\/index.php\/wp-json\/wp\/v2\/product\/195","targetHints":{"allow":["GET"]}}],"collection":[{"href":"https:\/\/ozelyazicilar.com\/index.php\/wp-json\/wp\/v2\/product"}],"about":[{"href":"https:\/\/ozelyazicilar.com\/index.php\/wp-json\/wp\/v2\/types\/product"}],"replies":[{"embeddable":true,"href":"https:\/\/ozelyazicilar.com\/index.php\/wp-json\/wp\/v2\/comments?post=195"}],"wp:featuredmedia":[{"embeddable":true,"href":"https:\/\/ozelyazicilar.com\/index.php\/wp-json\/wp\/v2\/media\/197"}],"wp:attachment":[{"href":"https:\/\/ozelyazicilar.com\/index.php\/wp-json\/wp\/v2\/media?parent=195"}],"wp:term":[{"taxonomy":"product_brand","embeddable":true,"href":"https:\/\/ozelyazicilar.com\/index.php\/wp-json\/wp\/v2\/product_brand?post=195"},{"taxonomy":"product_cat","embeddable":true,"href":"https:\/\/ozelyazicilar.com\/index.php\/wp-json\/wp\/v2\/product_cat?post=195"},{"taxonomy":"product_tag","embeddable":true,"href":"https:\/\/ozelyazicilar.com\/index.php\/wp-json\/wp\/v2\/product_tag?post=195"}],"curies":[{"name":"wp","href":"https:\/\/api.w.org\/{rel}","templated":true}]}}